{"id":3720,"date":"2025-02-21T01:22:18","date_gmt":"2025-02-21T01:22:18","guid":{"rendered":"https:\/\/inautom.pt\/?page_id=3720"},"modified":"2025-10-10T12:06:36","modified_gmt":"2025-10-10T12:06:36","slug":"outras","status":"publish","type":"page","link":"https:\/\/robotica.inautom.pt\/en\/outras\/","title":{"rendered":"OUTRAS SOLU\u00c7\u00d5ES DE ROB\u00d3TICA"},"content":{"rendered":"<div class=\"vc_row wpb_row vc_row-fluid\"><div class=\"wpb_column vc_column_container vc_col-md-12\"><div class=\"vc_column-inner\"><div class=\"wpb_wrapper\">\t\t<div class=\"mega-line-container ma_heading_wrap448\">\r\n\t\t\t\r\n\t\t\t\t\t\t    <div class=\"mega-line-center\" style=\"text-align: center;\">  \r\n\t\t        \t<h2 style=\"font-size: 36px; color: #000000; text-transform: default; ;\">\r\n\t\t\t        \tother robotic solutions\t\t\t        <\/h2>\r\n\t\t\t        <div style=\"line-height: 1;\">\r\n\t\t        \t\t<span style=\"width: 80px; border-top: 1px solid #e10f09;\"><\/span>\r\n\t\t        \t<\/div>\r\n\t\t        \t<div class=\"heading_desc\">\r\n\t\t\t        \t<p>cartesian robots, integration of anthropomorphic robots, gantry robots, lateral robots, integrated solutions, and automation cells<\/p>\n\t\t\t        <\/div>\r\n\t\t      \t<\/div>\r\n\t\t    \r\n\t\t    \r\n\t\t    \r\n\t\t    \r\n\t\t          \t<\/div>\r\n\r\n      \t<style>\r\n\t\t\t.ma_heading_wrap448 .heading_desc *{\r\n\t\t\t\tfont-size: px;\r\n\t\t\t\t;\r\n\t\t\t}\r\n      \t<\/style>\r\n\t\t<div id=\"lvca-spacer-69f4d437804c7\" class=\"lvca-spacer\" data-settings='{&quot;desktop_spacing&quot;:&quot;100&quot;,&quot;tablet_spacing&quot;:&quot;30&quot;,&quot;tablet_width&quot;:&quot;960&quot;,&quot;mobile_spacing&quot;:&quot;10&quot;,&quot;mobile_width&quot;:&quot;480&quot;}'><\/div><\/div><\/div><\/div><\/div><div data-vc-full-width=\"true\" data-vc-full-width-init=\"false\" class=\"vc_row wpb_row vc_row-fluid vc_custom_1742835356453 vc_row-o-equal-height vc_row-o-content-top vc_row-flex\"><div class=\"wpb_column vc_column_container vc_col-md-4\"><div class=\"vc_column-inner\"><div class=\"wpb_wrapper\">\n\t<div  class=\"wpb_single_image wpb_content_element vc_align_center\">\n\t\t\n\t\t<figure class=\"wpb_wrapper vc_figure\">\n\t\t\t<div class=\"vc_single_image-wrapper vc_box_rounded  vc_box_border_grey\"><img loading=\"lazy\" decoding=\"async\" width=\"4250\" height=\"2507\" src=\"https:\/\/robotica.inautom.pt\/wp-content\/uploads\/2025\/03\/INAUTOM-maquinas-para-moldes_5-eixos-e1742834803799.png\" class=\"vc_single_image-img attachment-full\" alt=\"\" srcset=\"https:\/\/robotica.inautom.pt\/wp-content\/uploads\/2025\/03\/INAUTOM-maquinas-para-moldes_5-eixos-e1742834803799.png 4250w, https:\/\/robotica.inautom.pt\/wp-content\/uploads\/2025\/03\/INAUTOM-maquinas-para-moldes_5-eixos-e1742834803799-300x177.png 300w, https:\/\/robotica.inautom.pt\/wp-content\/uploads\/2025\/03\/INAUTOM-maquinas-para-moldes_5-eixos-e1742834803799-1024x604.png 1024w, https:\/\/robotica.inautom.pt\/wp-content\/uploads\/2025\/03\/INAUTOM-maquinas-para-moldes_5-eixos-e1742834803799-768x453.png 768w, https:\/\/robotica.inautom.pt\/wp-content\/uploads\/2025\/03\/INAUTOM-maquinas-para-moldes_5-eixos-e1742834803799-1536x906.png 1536w, https:\/\/robotica.inautom.pt\/wp-content\/uploads\/2025\/03\/INAUTOM-maquinas-para-moldes_5-eixos-e1742834803799-2048x1208.png 2048w, https:\/\/robotica.inautom.pt\/wp-content\/uploads\/2025\/03\/INAUTOM-maquinas-para-moldes_5-eixos-e1742834803799-18x12.png 18w\" sizes=\"(max-width: 4250px) 100vw, 4250px\" \/><\/div>\n\t\t<\/figure>\n\t<\/div>\n<h3 style=\"font-size: 16px;color: #333333;text-align: center;font-family:Lato;font-weight:700;font-style:normal\" class=\"vc_custom_heading\" >Cartesian robots WELLLIH<\/h3><\/div><\/div><\/div><div class=\"wpb_column vc_column_container vc_col-md-4\"><div class=\"vc_column-inner\"><div class=\"wpb_wrapper\">\n\t<div  class=\"wpb_single_image wpb_content_element vc_align_center\">\n\t\t\n\t\t<figure class=\"wpb_wrapper vc_figure\">\n\t\t\t<div class=\"vc_single_image-wrapper vc_box_rounded  vc_box_border_grey\"><img loading=\"lazy\" decoding=\"async\" width=\"4250\" height=\"2521\" src=\"https:\/\/robotica.inautom.pt\/wp-content\/uploads\/2025\/03\/158-e1742834859144.png\" class=\"vc_single_image-img attachment-full\" alt=\"\" srcset=\"https:\/\/robotica.inautom.pt\/wp-content\/uploads\/2025\/03\/158-e1742834859144.png 4250w, https:\/\/robotica.inautom.pt\/wp-content\/uploads\/2025\/03\/158-e1742834859144-300x178.png 300w, https:\/\/robotica.inautom.pt\/wp-content\/uploads\/2025\/03\/158-e1742834859144-1024x607.png 1024w, https:\/\/robotica.inautom.pt\/wp-content\/uploads\/2025\/03\/158-e1742834859144-768x456.png 768w, https:\/\/robotica.inautom.pt\/wp-content\/uploads\/2025\/03\/158-e1742834859144-1536x911.png 1536w, https:\/\/robotica.inautom.pt\/wp-content\/uploads\/2025\/03\/158-e1742834859144-2048x1215.png 2048w, https:\/\/robotica.inautom.pt\/wp-content\/uploads\/2025\/03\/158-e1742834859144-18x12.png 18w\" sizes=\"(max-width: 4250px) 100vw, 4250px\" \/><\/div>\n\t\t<\/figure>\n\t<\/div>\n<h3 style=\"font-size: 16px;color: #333333;text-align: center;font-family:Lato;font-weight:400;font-style:normal\" class=\"vc_custom_heading\" >Cabe\u00e7as com eixos auxiliares<\/h3><\/div><\/div><\/div><div class=\"wpb_column vc_column_container vc_col-md-4\"><div class=\"vc_column-inner\"><div class=\"wpb_wrapper\">\n\t<div  class=\"wpb_single_image wpb_content_element vc_align_center\">\n\t\t\n\t\t<figure class=\"wpb_wrapper vc_figure\">\n\t\t\t<div class=\"vc_single_image-wrapper vc_box_rounded  vc_box_border_grey\"><img loading=\"lazy\" decoding=\"async\" width=\"4250\" height=\"2507\" src=\"https:\/\/robotica.inautom.pt\/wp-content\/uploads\/2025\/03\/159-e1742834946547.png\" class=\"vc_single_image-img attachment-full\" alt=\"\" srcset=\"https:\/\/robotica.inautom.pt\/wp-content\/uploads\/2025\/03\/159-e1742834946547.png 4250w, https:\/\/robotica.inautom.pt\/wp-content\/uploads\/2025\/03\/159-e1742834946547-300x177.png 300w, https:\/\/robotica.inautom.pt\/wp-content\/uploads\/2025\/03\/159-e1742834946547-1024x604.png 1024w, https:\/\/robotica.inautom.pt\/wp-content\/uploads\/2025\/03\/159-e1742834946547-768x453.png 768w, https:\/\/robotica.inautom.pt\/wp-content\/uploads\/2025\/03\/159-e1742834946547-1536x906.png 1536w, https:\/\/robotica.inautom.pt\/wp-content\/uploads\/2025\/03\/159-e1742834946547-2048x1208.png 2048w, https:\/\/robotica.inautom.pt\/wp-content\/uploads\/2025\/03\/159-e1742834946547-18x12.png 18w\" sizes=\"(max-width: 4250px) 100vw, 4250px\" \/><\/div>\n\t\t<\/figure>\n\t<\/div>\n<\/div><\/div><\/div><\/div><div class=\"vc_row-full-width vc_clearfix\"><\/div><div class=\"vc_row wpb_row vc_row-fluid\"><div class=\"wpb_column vc_column_container vc_col-md-12\"><div class=\"vc_column-inner\"><div class=\"wpb_wrapper\"><div id=\"lvca-spacer-69f4d437828e1\" class=\"lvca-spacer\" data-settings='{&quot;desktop_spacing&quot;:50,&quot;tablet_spacing&quot;:30,&quot;tablet_width&quot;:960,&quot;mobile_spacing&quot;:10,&quot;mobile_width&quot;:480}'><\/div><div class=\"vc_separator wpb_content_element vc_separator_align_center vc_sep_width_50 vc_sep_shadow vc_sep_pos_align_center vc_separator_no_text\" ><span class=\"vc_sep_holder vc_sep_holder_l\"><span  class=\"vc_sep_line\"><\/span><\/span><span class=\"vc_sep_holder vc_sep_holder_r\"><span  class=\"vc_sep_line\"><\/span><\/span>\n<\/div><div id=\"lvca-spacer-69f4d43782bbe\" class=\"lvca-spacer\" data-settings='{&quot;desktop_spacing&quot;:50,&quot;tablet_spacing&quot;:30,&quot;tablet_width&quot;:960,&quot;mobile_spacing&quot;:10,&quot;mobile_width&quot;:480}'><\/div><div id=\"lvca-spacer-69f4d43782bdd\" class=\"lvca-spacer\" data-settings='{&quot;desktop_spacing&quot;:50,&quot;tablet_spacing&quot;:30,&quot;tablet_width&quot;:960,&quot;mobile_spacing&quot;:10,&quot;mobile_width&quot;:480}'><\/div><\/div><\/div><\/div><\/div><div data-vc-full-width=\"true\" data-vc-full-width-init=\"false\" class=\"vc_row wpb_row vc_row-fluid vc_custom_1742834990734 vc_row-o-equal-height vc_row-o-content-top vc_row-flex\"><div class=\"wpb_column vc_column_container vc_col-md-4\"><div class=\"vc_column-inner\"><div class=\"wpb_wrapper\">\n\t<div  class=\"wpb_single_image wpb_content_element vc_align_center\">\n\t\t\n\t\t<figure class=\"wpb_wrapper vc_figure\">\n\t\t\t<div class=\"vc_single_image-wrapper vc_box_rounded  vc_box_border_grey\"><img loading=\"lazy\" decoding=\"async\" width=\"980\" height=\"573\" src=\"https:\/\/robotica.inautom.pt\/wp-content\/uploads\/2025\/03\/INAUTOM-maquinas-para-moldes_5-eixos-2-e1742835078723-1024x599.png\" class=\"vc_single_image-img attachment-large\" alt=\"\" srcset=\"https:\/\/robotica.inautom.pt\/wp-content\/uploads\/2025\/03\/INAUTOM-maquinas-para-moldes_5-eixos-2-e1742835078723-1024x599.png 1024w, https:\/\/robotica.inautom.pt\/wp-content\/uploads\/2025\/03\/INAUTOM-maquinas-para-moldes_5-eixos-2-e1742835078723-300x175.png 300w, https:\/\/robotica.inautom.pt\/wp-content\/uploads\/2025\/03\/INAUTOM-maquinas-para-moldes_5-eixos-2-e1742835078723-768x449.png 768w, https:\/\/robotica.inautom.pt\/wp-content\/uploads\/2025\/03\/INAUTOM-maquinas-para-moldes_5-eixos-2-e1742835078723-1536x898.png 1536w, https:\/\/robotica.inautom.pt\/wp-content\/uploads\/2025\/03\/INAUTOM-maquinas-para-moldes_5-eixos-2-e1742835078723-2048x1198.png 2048w, https:\/\/robotica.inautom.pt\/wp-content\/uploads\/2025\/03\/INAUTOM-maquinas-para-moldes_5-eixos-2-e1742835078723-18x12.png 18w\" sizes=\"(max-width: 980px) 100vw, 980px\" \/><\/div>\n\t\t<\/figure>\n\t<\/div>\n<h3 style=\"font-size: 16px;color: #333333;text-align: center;font-family:Lato;font-weight:700;font-style:normal\" class=\"vc_custom_heading\" >Integration of KUKA robots<\/h3><\/div><\/div><\/div><div class=\"wpb_column vc_column_container vc_col-md-4\"><div class=\"vc_column-inner\"><div class=\"wpb_wrapper\">\n\t<div  class=\"wpb_single_image wpb_content_element vc_align_center\">\n\t\t\n\t\t<figure class=\"wpb_wrapper vc_figure\">\n\t\t\t<div class=\"vc_single_image-wrapper vc_box_rounded  vc_box_border_grey\"><img loading=\"lazy\" decoding=\"async\" width=\"980\" height=\"578\" src=\"https:\/\/robotica.inautom.pt\/wp-content\/uploads\/2025\/03\/161-e1742835209442-1024x604.png\" class=\"vc_single_image-img attachment-large\" alt=\"\" srcset=\"https:\/\/robotica.inautom.pt\/wp-content\/uploads\/2025\/03\/161-e1742835209442-1024x604.png 1024w, https:\/\/robotica.inautom.pt\/wp-content\/uploads\/2025\/03\/161-e1742835209442-300x177.png 300w, https:\/\/robotica.inautom.pt\/wp-content\/uploads\/2025\/03\/161-e1742835209442-768x453.png 768w, https:\/\/robotica.inautom.pt\/wp-content\/uploads\/2025\/03\/161-e1742835209442-1536x906.png 1536w, https:\/\/robotica.inautom.pt\/wp-content\/uploads\/2025\/03\/161-e1742835209442-2048x1208.png 2048w, https:\/\/robotica.inautom.pt\/wp-content\/uploads\/2025\/03\/161-e1742835209442-18x12.png 18w\" sizes=\"(max-width: 980px) 100vw, 980px\" \/><\/div>\n\t\t<\/figure>\n\t<\/div>\n<h3 style=\"font-size: 16px;color: #333333;text-align: center;font-family:Lato;font-weight:400;font-style:normal\" class=\"vc_custom_heading\" >Robots antropom\u00f3rficos de 6 eixos<\/h3><\/div><\/div><\/div><div class=\"wpb_column vc_column_container vc_col-md-4\"><div class=\"vc_column-inner\"><div class=\"wpb_wrapper\">\n\t<div  class=\"wpb_single_image wpb_content_element vc_align_center\">\n\t\t\n\t\t<figure class=\"wpb_wrapper vc_figure\">\n\t\t\t<div class=\"vc_single_image-wrapper vc_box_rounded  vc_box_border_grey\"><img loading=\"lazy\" decoding=\"async\" width=\"980\" height=\"578\" src=\"https:\/\/robotica.inautom.pt\/wp-content\/uploads\/2025\/03\/162-e1742835157525-1024x604.png\" class=\"vc_single_image-img attachment-large\" alt=\"\" srcset=\"https:\/\/robotica.inautom.pt\/wp-content\/uploads\/2025\/03\/162-e1742835157525-1024x604.png 1024w, https:\/\/robotica.inautom.pt\/wp-content\/uploads\/2025\/03\/162-e1742835157525-300x177.png 300w, https:\/\/robotica.inautom.pt\/wp-content\/uploads\/2025\/03\/162-e1742835157525-768x453.png 768w, https:\/\/robotica.inautom.pt\/wp-content\/uploads\/2025\/03\/162-e1742835157525-1536x906.png 1536w, https:\/\/robotica.inautom.pt\/wp-content\/uploads\/2025\/03\/162-e1742835157525-2048x1208.png 2048w, https:\/\/robotica.inautom.pt\/wp-content\/uploads\/2025\/03\/162-e1742835157525-18x12.png 18w\" sizes=\"(max-width: 980px) 100vw, 980px\" \/><\/div>\n\t\t<\/figure>\n\t<\/div>\n<\/div><\/div><\/div><\/div><div class=\"vc_row-full-width vc_clearfix\"><\/div><div class=\"vc_row wpb_row vc_row-fluid\"><div class=\"wpb_column vc_column_container vc_col-md-12\"><div class=\"vc_column-inner\"><div class=\"wpb_wrapper\"><div id=\"lvca-spacer-69f4d43784800\" class=\"lvca-spacer\" data-settings='{&quot;desktop_spacing&quot;:50,&quot;tablet_spacing&quot;:30,&quot;tablet_width&quot;:960,&quot;mobile_spacing&quot;:10,&quot;mobile_width&quot;:480}'><\/div><div class=\"vc_separator wpb_content_element vc_separator_align_center vc_sep_width_50 vc_sep_shadow vc_sep_pos_align_center vc_separator_no_text\" ><span class=\"vc_sep_holder vc_sep_holder_l\"><span  class=\"vc_sep_line\"><\/span><\/span><span class=\"vc_sep_holder vc_sep_holder_r\"><span  class=\"vc_sep_line\"><\/span><\/span>\n<\/div><div id=\"lvca-spacer-69f4d437849f0\" class=\"lvca-spacer\" data-settings='{&quot;desktop_spacing&quot;:50,&quot;tablet_spacing&quot;:30,&quot;tablet_width&quot;:960,&quot;mobile_spacing&quot;:10,&quot;mobile_width&quot;:480}'><\/div><div id=\"lvca-spacer-69f4d43784a10\" class=\"lvca-spacer\" data-settings='{&quot;desktop_spacing&quot;:50,&quot;tablet_spacing&quot;:30,&quot;tablet_width&quot;:960,&quot;mobile_spacing&quot;:10,&quot;mobile_width&quot;:480}'><\/div><\/div><\/div><\/div><\/div><div data-vc-full-width=\"true\" data-vc-full-width-init=\"false\" class=\"vc_row wpb_row vc_row-fluid vc_custom_1742835539869 vc_row-o-equal-height vc_row-o-content-top vc_row-flex\"><div class=\"wpb_column vc_column_container vc_col-md-4\"><div class=\"vc_column-inner\"><div class=\"wpb_wrapper\">\n\t<div  class=\"wpb_single_image wpb_content_element vc_align_center\">\n\t\t\n\t\t<figure class=\"wpb_wrapper vc_figure\">\n\t\t\t<div class=\"vc_single_image-wrapper vc_box_rounded  vc_box_border_grey\"><img loading=\"lazy\" decoding=\"async\" width=\"980\" height=\"575\" src=\"https:\/\/robotica.inautom.pt\/wp-content\/uploads\/2025\/03\/INAUTOM-maquinas-para-moldes_5-eixos-3-e1742835512690-1024x601.png\" class=\"vc_single_image-img attachment-large\" alt=\"\" srcset=\"https:\/\/robotica.inautom.pt\/wp-content\/uploads\/2025\/03\/INAUTOM-maquinas-para-moldes_5-eixos-3-e1742835512690-1024x601.png 1024w, https:\/\/robotica.inautom.pt\/wp-content\/uploads\/2025\/03\/INAUTOM-maquinas-para-moldes_5-eixos-3-e1742835512690-300x176.png 300w, https:\/\/robotica.inautom.pt\/wp-content\/uploads\/2025\/03\/INAUTOM-maquinas-para-moldes_5-eixos-3-e1742835512690-768x450.png 768w, https:\/\/robotica.inautom.pt\/wp-content\/uploads\/2025\/03\/INAUTOM-maquinas-para-moldes_5-eixos-3-e1742835512690-1536x901.png 1536w, https:\/\/robotica.inautom.pt\/wp-content\/uploads\/2025\/03\/INAUTOM-maquinas-para-moldes_5-eixos-3-e1742835512690-2048x1201.png 2048w, https:\/\/robotica.inautom.pt\/wp-content\/uploads\/2025\/03\/INAUTOM-maquinas-para-moldes_5-eixos-3-e1742835512690-18x12.png 18w\" sizes=\"(max-width: 980px) 100vw, 980px\" \/><\/div>\n\t\t<\/figure>\n\t<\/div>\n<h3 style=\"font-size: 16px;color: #333333;text-align: center;font-family:Lato;font-weight:700;font-style:normal\" class=\"vc_custom_heading\" >Gantry robots<\/h3><\/div><\/div><\/div><div class=\"wpb_column vc_column_container vc_col-md-4\"><div class=\"vc_column-inner\"><div class=\"wpb_wrapper\">\n\t<div  class=\"wpb_single_image wpb_content_element vc_align_center\">\n\t\t\n\t\t<figure class=\"wpb_wrapper vc_figure\">\n\t\t\t<div class=\"vc_single_image-wrapper vc_box_rounded  vc_box_border_grey\"><img loading=\"lazy\" decoding=\"async\" width=\"980\" height=\"575\" src=\"https:\/\/robotica.inautom.pt\/wp-content\/uploads\/2025\/03\/165-e1742835558410-1024x601.png\" class=\"vc_single_image-img attachment-large\" alt=\"\" srcset=\"https:\/\/robotica.inautom.pt\/wp-content\/uploads\/2025\/03\/165-e1742835558410-1024x601.png 1024w, https:\/\/robotica.inautom.pt\/wp-content\/uploads\/2025\/03\/165-e1742835558410-300x176.png 300w, https:\/\/robotica.inautom.pt\/wp-content\/uploads\/2025\/03\/165-e1742835558410-768x450.png 768w, https:\/\/robotica.inautom.pt\/wp-content\/uploads\/2025\/03\/165-e1742835558410-1536x901.png 1536w, https:\/\/robotica.inautom.pt\/wp-content\/uploads\/2025\/03\/165-e1742835558410-2048x1201.png 2048w, https:\/\/robotica.inautom.pt\/wp-content\/uploads\/2025\/03\/165-e1742835558410-18x12.png 18w\" sizes=\"(max-width: 980px) 100vw, 980px\" \/><\/div>\n\t\t<\/figure>\n\t<\/div>\n<\/div><\/div><\/div><div class=\"wpb_column vc_column_container vc_col-md-4\"><div class=\"vc_column-inner\"><div class=\"wpb_wrapper\">\n\t<div  class=\"wpb_single_image wpb_content_element vc_align_center\">\n\t\t\n\t\t<figure class=\"wpb_wrapper vc_figure\">\n\t\t\t<div class=\"vc_single_image-wrapper vc_box_rounded  vc_box_border_grey\"><img loading=\"lazy\" decoding=\"async\" width=\"980\" height=\"578\" src=\"https:\/\/robotica.inautom.pt\/wp-content\/uploads\/2025\/03\/162-e1742835157525-1024x604.png\" class=\"vc_single_image-img attachment-large\" alt=\"\" srcset=\"https:\/\/robotica.inautom.pt\/wp-content\/uploads\/2025\/03\/162-e1742835157525-1024x604.png 1024w, https:\/\/robotica.inautom.pt\/wp-content\/uploads\/2025\/03\/162-e1742835157525-300x177.png 300w, https:\/\/robotica.inautom.pt\/wp-content\/uploads\/2025\/03\/162-e1742835157525-768x453.png 768w, https:\/\/robotica.inautom.pt\/wp-content\/uploads\/2025\/03\/162-e1742835157525-1536x906.png 1536w, https:\/\/robotica.inautom.pt\/wp-content\/uploads\/2025\/03\/162-e1742835157525-2048x1208.png 2048w, https:\/\/robotica.inautom.pt\/wp-content\/uploads\/2025\/03\/162-e1742835157525-18x12.png 18w\" sizes=\"(max-width: 980px) 100vw, 980px\" \/><\/div>\n\t\t<\/figure>\n\t<\/div>\n<\/div><\/div><\/div><\/div><div class=\"vc_row-full-width vc_clearfix\"><\/div>","protected":false},"excerpt":{"rendered":"outras solu\u00e7\u00f5es de rob\u00f3tica robots cartesianos, integra\u00e7\u00e3o de robots antropom\u00f3rficos, robots em p\u00f3rtico, robots laterais, solu\u00e7\u00f5es integradas e c\u00e9lulas de automa\u00e7\u00e3o Robots Cartesianos WELLLIH Cabe\u00e7as com eixos auxiliares Integra\u00e7\u00e3o de robots KUKA Robots antropom\u00f3rficos de 6 eixos Robots em p\u00f3rtico","protected":false},"author":3,"featured_media":0,"parent":0,"menu_order":0,"comment_status":"closed","ping_status":"closed","template":"","meta":{"om_disable_all_campaigns":false,"footnotes":""},"class_list":["post-3720","page","type-page","status-publish","hentry"],"_links":{"self":[{"href":"https:\/\/robotica.inautom.pt\/en\/wp-json\/wp\/v2\/pages\/3720"}],"collection":[{"href":"https:\/\/robotica.inautom.pt\/en\/wp-json\/wp\/v2\/pages"}],"about":[{"href":"https:\/\/robotica.inautom.pt\/en\/wp-json\/wp\/v2\/types\/page"}],"author":[{"embeddable":true,"href":"https:\/\/robotica.inautom.pt\/en\/wp-json\/wp\/v2\/users\/3"}],"replies":[{"embeddable":true,"href":"https:\/\/robotica.inautom.pt\/en\/wp-json\/wp\/v2\/comments?post=3720"}],"version-history":[{"count":299,"href":"https:\/\/robotica.inautom.pt\/en\/wp-json\/wp\/v2\/pages\/3720\/revisions"}],"predecessor-version":[{"id":4473,"href":"https:\/\/robotica.inautom.pt\/en\/wp-json\/wp\/v2\/pages\/3720\/revisions\/4473"}],"wp:attachment":[{"href":"https:\/\/robotica.inautom.pt\/en\/wp-json\/wp\/v2\/media?parent=3720"}],"curies":[{"name":"wp","href":"https:\/\/api.w.org\/{rel}","templated":true}]}}