{"id":2313,"date":"2019-09-26T18:02:37","date_gmt":"2019-09-26T18:02:37","guid":{"rendered":"https:\/\/inautom.pt\/novo\/?page_id=2313"},"modified":"2025-04-29T10:00:18","modified_gmt":"2025-04-29T10:00:18","slug":"politica-de-cookies","status":"publish","type":"page","link":"https:\/\/robotica.inautom.pt\/en\/politica-de-cookies\/","title":{"rendered":"COOKIES POLICY"},"content":{"rendered":"<div class=\"vc_row wpb_row vc_row-fluid\"><div class=\"wpb_column vc_column_container vc_col-md-12\"><div class=\"vc_column-inner\"><div class=\"wpb_wrapper\"><div id=\"lvca-spacer-69f4d5644091d\" class=\"lvca-spacer\" data-settings='{&quot;desktop_spacing&quot;:50,&quot;tablet_spacing&quot;:30,&quot;tablet_width&quot;:960,&quot;mobile_spacing&quot;:10,&quot;mobile_width&quot;:480}'><\/div>\t\t<div class=\"mega-line-container ma_heading_wrap66\">\r\n\t\t\t\r\n\t\t\t\t\t\t    <div class=\"mega-line-center\" style=\"text-align: center;\">  \r\n\t\t        \t<h2 style=\"font-size: 36px; color: #000000; text-transform: default; ;\">\r\n\t\t\t        \tcookies policy\t\t\t        <\/h2>\r\n\t\t\t        <div style=\"line-height: 1;\">\r\n\t\t        \t\t<span style=\"width: 80px; border-top: 1px solid #e10f09;\"><\/span>\r\n\t\t        \t<\/div>\r\n\t\t        \t<div class=\"heading_desc\">\r\n\t\t\t        \t\t\t\t        <\/div>\r\n\t\t      \t<\/div>\r\n\t\t    \r\n\t\t    \r\n\t\t    \r\n\t\t    \r\n\t\t          \t<\/div>\r\n\r\n      \t<style>\r\n\t\t\t.ma_heading_wrap66 .heading_desc *{\r\n\t\t\t\tfont-size: px;\r\n\t\t\t\t;\r\n\t\t\t}\r\n      \t<\/style>\r\n\t\t<div id=\"lvca-spacer-69f4d56440a74\" class=\"lvca-spacer\" data-settings='{&quot;desktop_spacing&quot;:50,&quot;tablet_spacing&quot;:30,&quot;tablet_width&quot;:960,&quot;mobile_spacing&quot;:10,&quot;mobile_width&quot;:480}'><\/div><\/div><\/div><\/div><\/div><div class=\"vc_row wpb_row vc_row-fluid\"><div class=\"wpb_column vc_column_container vc_col-md-12\"><div class=\"vc_column-inner\"><div class=\"wpb_wrapper\">\n\t<div class=\"wpb_text_column wpb_content_element\" >\n\t\t<div class=\"wpb_wrapper\">\n\t\t\t<p>This Cookies Policy explains how INAUTOM Rob\u00f3tica,, Lda. uses cookies and similar technologies on its website.<\/p>\n<p>&nbsp;<\/p>\n<p><strong>1. What are Cookies?<\/strong><\/p>\n<p>Cookies are small text files that are stored on your device (computer, tablet, or mobile phone) when you visit a website. These files allow the website to recognize the user and improve their browsing experience.<\/p>\n<p>&nbsp;<\/p>\n<p><strong>2. Why do we use Cookies?<\/strong><\/p>\n<p>INAUTOM Rob\u00f3tica uses cookies to:<\/p>\n<p>Improve the functionality and performance of the website.<\/p>\n<p>Collect statistical data anonymously, helping us understand how the website is used and improve its content.<\/p>\n<p>Store user browsing preferences.<\/p>\n<p>Allow sharing of content on social media (when applicable).<\/p>\n<p>&nbsp;<\/p>\n<p><strong>3. Types of Cookies used<\/strong><\/p>\n<p>Essential cookies: Necessary for the functioning of the website. Without these cookies, some services may not be provided.<\/p>\n<p>Performance cookies: Help improve the website's performance by collecting information about its usage.<\/p>\n<p>Functionality cookies: Allow remembering the user's choices (e.g., language or region).<\/p>\n<p>Cookies de terceiros: Em alguns casos, podemos usar cookies de terceiros, como servi\u00e7os de an\u00e1lise (ex.: Google Analytics), para recolher informa\u00e7\u00f5es estat\u00edsticas.<\/p>\n<p>&nbsp;<\/p>\n<p><strong>4. Gest\u00e3o de Cookies<\/strong><\/p>\n<p>O utilizador pode, a qualquer momento, configurar o seu navegador para bloquear ou eliminar cookies. No entanto, a recusa de cookies pode afetar a experi\u00eancia de navega\u00e7\u00e3o no website.<\/p>\n<p>As instru\u00e7\u00f5es para gerir cookies variam consoante o navegador utilizado. Para mais informa\u00e7\u00f5es, consulte a sec\u00e7\u00e3o de &#8220;Ajuda&#8221; do seu navegador.<\/p>\n<p>&nbsp;<\/p>\n<p><strong>5. Altera\u00e7\u00f5es a esta Pol\u00edtica de Cookies<\/strong><\/p>\n<p>A INAUTOM Rob\u00f3tica reserva-se o direito de alterar esta Pol\u00edtica de Cookies a qualquer momento. Todas as altera\u00e7\u00f5es ser\u00e3o publicadas nesta p\u00e1gina. Recomenda-se a consulta regular desta pol\u00edtica para se manter informado.<\/p>\n<p>&nbsp;<\/p>\n<p><strong>6. Contactos<\/strong><\/p>\n<p>Para mais informa\u00e7\u00f5es sobre a utiliza\u00e7\u00e3o de cookies ou sobre a prote\u00e7\u00e3o dos seus dados pessoais, poder\u00e1 contactar a INAUTOM Rob\u00f3tica atrav\u00e9s de:<\/p>\n<p>Correio eletr\u00f3nico: info@inautom.pt<\/p>\n<p>Telefone: +351 244 769 900<\/p>\n<p>Morada: Estrada da Costa, n\u00ba6, Fra\u00e7\u00e3o B, Corga, 2440-033 Batalha<\/p>\n\n\t\t<\/div>\n\t<\/div>\n<\/div><\/div><\/div><\/div>","protected":false},"excerpt":{"rendered":"pol\u00edtica de cookies Esta Pol\u00edtica de Cookies explica como a INAUTOM Rob\u00f3tica, Lda. utiliza cookies e tecnologias semelhantes no seu website. &nbsp; 1. O que s\u00e3o Cookies? Cookies s\u00e3o pequenos ficheiros de texto que s\u00e3o armazenados no seu dispositivo (computador, &hellip;","protected":false},"author":1,"featured_media":0,"parent":0,"menu_order":0,"comment_status":"closed","ping_status":"closed","template":"","meta":{"om_disable_all_campaigns":false,"footnotes":""},"class_list":["post-2313","page","type-page","status-publish","hentry"],"_links":{"self":[{"href":"https:\/\/robotica.inautom.pt\/en\/wp-json\/wp\/v2\/pages\/2313"}],"collection":[{"href":"https:\/\/robotica.inautom.pt\/en\/wp-json\/wp\/v2\/pages"}],"about":[{"href":"https:\/\/robotica.inautom.pt\/en\/wp-json\/wp\/v2\/types\/page"}],"author":[{"embeddable":true,"href":"https:\/\/robotica.inautom.pt\/en\/wp-json\/wp\/v2\/users\/1"}],"replies":[{"embeddable":true,"href":"https:\/\/robotica.inautom.pt\/en\/wp-json\/wp\/v2\/comments?post=2313"}],"version-history":[{"count":8,"href":"https:\/\/robotica.inautom.pt\/en\/wp-json\/wp\/v2\/pages\/2313\/revisions"}],"predecessor-version":[{"id":4402,"href":"https:\/\/robotica.inautom.pt\/en\/wp-json\/wp\/v2\/pages\/2313\/revisions\/4402"}],"wp:attachment":[{"href":"https:\/\/robotica.inautom.pt\/en\/wp-json\/wp\/v2\/media?parent=2313"}],"curies":[{"name":"wp","href":"https:\/\/api.w.org\/{rel}","templated":true}]}}